{"id":12,"date":"2021-07-28T15:02:07","date_gmt":"2021-07-28T15:02:07","guid":{"rendered":"https:\/\/farbio.edu.bo\/csegc\/qfarmaceutica\/?page_id=12"},"modified":"2025-12-05T20:14:23","modified_gmt":"2025-12-05T20:14:23","slug":"mision","status":"publish","type":"page","link":"https:\/\/farbio.edu.bo\/bioqui\/?page_id=12","title":{"rendered":"MISI\u00d3N Y VISI\u00d3N"},"content":{"rendered":"\t\t<div data-elementor-type=\"wp-page\" data-elementor-id=\"12\" class=\"elementor elementor-12\" data-elementor-post-type=\"page\">\n\t\t\t\t\t\t<section class=\"elementor-section elementor-top-section elementor-element elementor-element-5442a20c elementor-section-content-middle elementor-section-boxed elementor-section-height-default elementor-section-height-default\" data-id=\"5442a20c\" data-element_type=\"section\" data-e-type=\"section\">\n\t\t\t\t\t\t<div class=\"elementor-container elementor-column-gap-no\">\n\t\t\t\t\t<div class=\"elementor-column elementor-col-100 elementor-top-column elementor-element elementor-element-28c737ad\" data-id=\"28c737ad\" data-element_type=\"column\" data-e-type=\"column\">\n\t\t\t<div class=\"elementor-widget-wrap elementor-element-populated\">\n\t\t\t\t\t\t<div class=\"elementor-element elementor-element-455939e8 elementor-widget elementor-widget-heading\" data-id=\"455939e8\" data-element_type=\"widget\" data-e-type=\"widget\" data-widget_type=\"heading.default\">\n\t\t\t\t<div class=\"elementor-widget-container\">\n\t\t\t\t\t<h4 class=\"elementor-heading-title elementor-size-default\">Misi\u00f3n y Visi\u00f3n<\/h4>\t\t\t\t<\/div>\n\t\t\t\t<\/div>\n\t\t\t\t<section class=\"elementor-section elementor-inner-section elementor-element elementor-element-2646769 elementor-section-content-middle elementor-section-boxed elementor-section-height-default elementor-section-height-default\" data-id=\"2646769\" data-element_type=\"section\" data-e-type=\"section\">\n\t\t\t\t\t\t<div class=\"elementor-container elementor-column-gap-no\">\n\t\t\t\t\t<div class=\"elementor-column elementor-col-50 elementor-inner-column elementor-element elementor-element-149e9764\" data-id=\"149e9764\" data-element_type=\"column\" data-e-type=\"column\">\n\t\t\t<div class=\"elementor-widget-wrap elementor-element-populated\">\n\t\t\t\t\t\t<div class=\"elementor-element elementor-element-351eeca2 elementor-widget elementor-widget-image\" data-id=\"351eeca2\" data-element_type=\"widget\" data-e-type=\"widget\" data-widget_type=\"image.default\">\n\t\t\t\t<div class=\"elementor-widget-container\">\n\t\t\t\t\t\t\t\t\t\t\t\t\t\t\t<img fetchpriority=\"high\" decoding=\"async\" width=\"668\" height=\"445\" src=\"https:\/\/farbio.edu.bo\/bioqui\/wp-content\/uploads\/2025\/12\/3_Mesa-de-trabajo-1.png\" class=\"attachment-large size-large wp-image-395\" alt=\"\" srcset=\"https:\/\/farbio.edu.bo\/bioqui\/wp-content\/uploads\/2025\/12\/3_Mesa-de-trabajo-1.png 668w, https:\/\/farbio.edu.bo\/bioqui\/wp-content\/uploads\/2025\/12\/3_Mesa-de-trabajo-1-300x200.png 300w\" sizes=\"(max-width: 668px) 100vw, 668px\" \/>\t\t\t\t\t\t\t\t\t\t\t\t\t\t\t<\/div>\n\t\t\t\t<\/div>\n\t\t\t\t\t<\/div>\n\t\t<\/div>\n\t\t\t\t<div class=\"elementor-column elementor-col-50 elementor-inner-column elementor-element elementor-element-5621304e\" data-id=\"5621304e\" data-element_type=\"column\" data-e-type=\"column\">\n\t\t\t<div class=\"elementor-widget-wrap elementor-element-populated\">\n\t\t\t\t\t\t<div class=\"elementor-element elementor-element-5217ac2c elementor-widget elementor-widget-heading\" data-id=\"5217ac2c\" data-element_type=\"widget\" data-e-type=\"widget\" data-widget_type=\"heading.default\">\n\t\t\t\t<div class=\"elementor-widget-container\">\n\t\t\t\t\t<h2 class=\"elementor-heading-title elementor-size-default\">Misi\u00f3n<\/h2>\t\t\t\t<\/div>\n\t\t\t\t<\/div>\n\t\t\t\t<div class=\"elementor-element elementor-element-74be805a elementor-widget elementor-widget-text-editor\" data-id=\"74be805a\" data-element_type=\"widget\" data-e-type=\"widget\" data-widget_type=\"text-editor.default\">\n\t\t\t\t<div class=\"elementor-widget-container\">\n\t\t\t\t\t\t\t\t\t<p>Formar profesionales Qu\u00edmico farmac\u00e9uticos con conocimientos, habilidades, destrezas y valores \u00e9ticos, capaces de coadyuvar en la soluci\u00f3n de problemas de la sociedad, desarrollar investigaci\u00f3n b\u00e1sica y aplicada, y prestar servicios a la regi\u00f3n y el pa\u00eds, en concordancia con la misi\u00f3n de la Universidad Boliviana<\/p>\t\t\t\t\t\t\t\t<\/div>\n\t\t\t\t<\/div>\n\t\t\t\t\t<\/div>\n\t\t<\/div>\n\t\t\t\t\t<\/div>\n\t\t<\/section>\n\t\t\t\t<section class=\"elementor-section elementor-inner-section elementor-element elementor-element-42aa39e6 elementor-section-content-middle elementor-reverse-mobile elementor-section-boxed elementor-section-height-default elementor-section-height-default\" data-id=\"42aa39e6\" data-element_type=\"section\" data-e-type=\"section\">\n\t\t\t\t\t\t<div class=\"elementor-container elementor-column-gap-no\">\n\t\t\t\t\t<div class=\"elementor-column elementor-col-50 elementor-inner-column elementor-element elementor-element-4a43bd2e\" data-id=\"4a43bd2e\" data-element_type=\"column\" data-e-type=\"column\">\n\t\t\t<div class=\"elementor-widget-wrap elementor-element-populated\">\n\t\t\t\t\t\t<div class=\"elementor-element elementor-element-7a6928b7 elementor-widget elementor-widget-heading\" data-id=\"7a6928b7\" data-element_type=\"widget\" data-e-type=\"widget\" data-widget_type=\"heading.default\">\n\t\t\t\t<div class=\"elementor-widget-container\">\n\t\t\t\t\t<h2 class=\"elementor-heading-title elementor-size-default\">Visi\u00f3n<\/h2>\t\t\t\t<\/div>\n\t\t\t\t<\/div>\n\t\t\t\t<div class=\"elementor-element elementor-element-7a56a023 elementor-widget elementor-widget-text-editor\" data-id=\"7a56a023\" data-element_type=\"widget\" data-e-type=\"widget\" data-widget_type=\"text-editor.default\">\n\t\t\t\t<div class=\"elementor-widget-container\">\n\t\t\t\t\t\t\t\t\t<p>Unidad Acad\u00e9mica de alta calidad donde se forman profesionales id\u00f3neos, se generan y aplican conocimientos en la investigaci\u00f3n, la producci\u00f3n y los servicios, en las \u00e1reas de acci\u00f3n de las Ciencias Farmac\u00e9uticas.<\/p>\t\t\t\t\t\t\t\t<\/div>\n\t\t\t\t<\/div>\n\t\t\t\t\t<\/div>\n\t\t<\/div>\n\t\t\t\t<div class=\"elementor-column elementor-col-50 elementor-inner-column elementor-element elementor-element-36eb7ffb\" data-id=\"36eb7ffb\" data-element_type=\"column\" data-e-type=\"column\">\n\t\t\t<div class=\"elementor-widget-wrap elementor-element-populated\">\n\t\t\t\t\t\t<div class=\"elementor-element elementor-element-1f75fee1 elementor-widget elementor-widget-image\" data-id=\"1f75fee1\" data-element_type=\"widget\" data-e-type=\"widget\" data-widget_type=\"image.default\">\n\t\t\t\t<div class=\"elementor-widget-container\">\n\t\t\t\t\t\t\t\t\t\t\t\t\t\t\t<img decoding=\"async\" width=\"593\" height=\"445\" src=\"https:\/\/farbio.edu.bo\/bioqui\/wp-content\/uploads\/2025\/12\/2_Mesa-de-trabajo-1.png\" class=\"attachment-large size-large wp-image-396\" alt=\"\" srcset=\"https:\/\/farbio.edu.bo\/bioqui\/wp-content\/uploads\/2025\/12\/2_Mesa-de-trabajo-1.png 593w, https:\/\/farbio.edu.bo\/bioqui\/wp-content\/uploads\/2025\/12\/2_Mesa-de-trabajo-1-300x225.png 300w\" sizes=\"(max-width: 593px) 100vw, 593px\" \/>\t\t\t\t\t\t\t\t\t\t\t\t\t\t\t<\/div>\n\t\t\t\t<\/div>\n\t\t\t\t\t<\/div>\n\t\t<\/div>\n\t\t\t\t\t<\/div>\n\t\t<\/section>\n\t\t\t\t\t<\/div>\n\t\t<\/div>\n\t\t\t\t\t<\/div>\n\t\t<\/section>\n\t\t\t\t<\/div>\n\t\t","protected":false},"excerpt":{"rendered":"<p>Misi\u00f3n y Visi\u00f3n Misi\u00f3n Formar profesionales Qu\u00edmico farmac\u00e9uticos con conocimientos, habilidades, destrezas y valores \u00e9ticos, capaces de coadyuvar en la soluci\u00f3n de problemas de la sociedad, desarrollar investigaci\u00f3n b\u00e1sica y aplicada, y prestar servicios a la regi\u00f3n y el pa\u00eds, en concordancia con la misi\u00f3n de la Universidad Boliviana Visi\u00f3n Unidad Acad\u00e9mica de alta calidad [&hellip;]<\/p>\n","protected":false},"author":1,"featured_media":0,"parent":0,"menu_order":0,"comment_status":"closed","ping_status":"closed","template":"elementor_header_footer","meta":{"footnotes":""},"class_list":["post-12","page","type-page","status-publish","hentry","entry"],"_links":{"self":[{"href":"https:\/\/farbio.edu.bo\/bioqui\/index.php?rest_route=\/wp\/v2\/pages\/12","targetHints":{"allow":["GET"]}}],"collection":[{"href":"https:\/\/farbio.edu.bo\/bioqui\/index.php?rest_route=\/wp\/v2\/pages"}],"about":[{"href":"https:\/\/farbio.edu.bo\/bioqui\/index.php?rest_route=\/wp\/v2\/types\/page"}],"author":[{"embeddable":true,"href":"https:\/\/farbio.edu.bo\/bioqui\/index.php?rest_route=\/wp\/v2\/users\/1"}],"replies":[{"embeddable":true,"href":"https:\/\/farbio.edu.bo\/bioqui\/index.php?rest_route=%2Fwp%2Fv2%2Fcomments&post=12"}],"version-history":[{"count":24,"href":"https:\/\/farbio.edu.bo\/bioqui\/index.php?rest_route=\/wp\/v2\/pages\/12\/revisions"}],"predecessor-version":[{"id":399,"href":"https:\/\/farbio.edu.bo\/bioqui\/index.php?rest_route=\/wp\/v2\/pages\/12\/revisions\/399"}],"wp:attachment":[{"href":"https:\/\/farbio.edu.bo\/bioqui\/index.php?rest_route=%2Fwp%2Fv2%2Fmedia&parent=12"}],"curies":[{"name":"wp","href":"https:\/\/api.w.org\/{rel}","templated":true}]}}