{"id":14,"date":"2021-07-28T15:02:07","date_gmt":"2021-07-28T15:02:07","guid":{"rendered":"https:\/\/farbio.edu.bo\/csegc\/qfarmaceutica\/?page_id=14"},"modified":"2025-06-23T08:41:36","modified_gmt":"2025-06-23T08:41:36","slug":"historia","status":"publish","type":"page","link":"https:\/\/farbio.edu.bo\/bioqui\/?page_id=14","title":{"rendered":"HISTORIA"},"content":{"rendered":"\t\t<div data-elementor-type=\"wp-page\" data-elementor-id=\"14\" class=\"elementor elementor-14\" data-elementor-post-type=\"page\">\n\t\t\t\t\t\t<section class=\"elementor-section elementor-top-section elementor-element elementor-element-3463ec7c elementor-section-full_width elementor-section-content-middle elementor-section-height-default elementor-section-height-default\" data-id=\"3463ec7c\" data-element_type=\"section\" data-e-type=\"section\" data-settings=\"{&quot;background_background&quot;:&quot;classic&quot;}\">\n\t\t\t\t\t\t<div class=\"elementor-container elementor-column-gap-no\">\n\t\t\t\t\t<div class=\"elementor-column elementor-col-50 elementor-top-column elementor-element elementor-element-7816670d\" data-id=\"7816670d\" data-element_type=\"column\" data-e-type=\"column\" data-settings=\"{&quot;background_background&quot;:&quot;classic&quot;}\">\n\t\t\t<div class=\"elementor-widget-wrap elementor-element-populated\">\n\t\t\t\t\t<div class=\"elementor-background-overlay\"><\/div>\n\t\t\t\t\t\t<div class=\"elementor-element elementor-element-2bdfe6c0 elementor-widget elementor-widget-heading\" data-id=\"2bdfe6c0\" data-element_type=\"widget\" data-e-type=\"widget\" data-widget_type=\"heading.default\">\n\t\t\t\t<div class=\"elementor-widget-container\">\n\t\t\t\t\t<h4 class=\"elementor-heading-title elementor-size-default\">Historia\nCarrera de Bioqu\u00edmica<\/h4>\t\t\t\t<\/div>\n\t\t\t\t<\/div>\n\t\t\t\t\t<\/div>\n\t\t<\/div>\n\t\t\t\t<div class=\"elementor-column elementor-col-50 elementor-top-column elementor-element elementor-element-3aa65521\" data-id=\"3aa65521\" data-element_type=\"column\" data-e-type=\"column\">\n\t\t\t<div class=\"elementor-widget-wrap elementor-element-populated\">\n\t\t\t\t\t\t<div class=\"elementor-element elementor-element-14de2b6e elementor-widget elementor-widget-text-editor\" data-id=\"14de2b6e\" data-element_type=\"widget\" data-e-type=\"widget\" data-widget_type=\"text-editor.default\">\n\t\t\t\t<div class=\"elementor-widget-container\">\n\t\t\t\t\t\t\t\t\t<p>La Facultad de Ciencias Farmac\u00e9uticas y Bioqu\u00edmicas de la UMSA, tiene desde 1888 a la fecha muchos a\u00f1os de tradici\u00f3n y servicio a la comunidad, habiendo aportado al pa\u00eds con valiosos profesionales; por eso se hace necesario conocer los inicios de la misma para realizar el valor que implic\u00f3 desde la creaci\u00f3n.<\/p>\t\t\t\t\t\t\t\t<\/div>\n\t\t\t\t<\/div>\n\t\t\t\t<div class=\"elementor-element elementor-element-7a232413 elementor-widget elementor-widget-text-editor\" data-id=\"7a232413\" data-element_type=\"widget\" data-e-type=\"widget\" data-widget_type=\"text-editor.default\">\n\t\t\t\t<div class=\"elementor-widget-container\">\n\t\t\t\t\t\t\t\t\t<p>Es as\u00ed que en el a\u00f1o 1888 durante la presidencia del Dr. Aniceto Arce y siendo cancelario de la universidad el Dr. Agust\u00edn Aspiazu, a instancias del Dr. Domingo Lorini, se fund\u00f3 la \u00abSecci\u00f3n\u00bb para el estudio de la Farmacia dentro de la Facultad de Medicina. En esa \u00e9poca hab\u00eda poca diferencia entre la medicina y farmacia, lo \u00fanico que las distingu\u00eda era la pr\u00e1ctica oficinal en las boticas, obligaci\u00f3n que se mantuvo hasta 1930 y continu\u00f3 como costumbre hasta los a\u00f1os 50. Al iniciarse esta secci\u00f3n se inscribe a un solo alumno, Dn. Evaristo Valle, qui\u00e9n egres\u00f3 despu\u00e9s de tres a\u00f1os de estudio, es decir que en 1890, reci\u00e9n el estado boliviano pudo contar con los servicios de un profesional farmac\u00e9utico propio.<\/p>\t\t\t\t\t\t\t\t<\/div>\n\t\t\t\t<\/div>\n\t\t\t\t<div class=\"elementor-element elementor-element-3c4971bd elementor-widget elementor-widget-text-editor\" data-id=\"3c4971bd\" data-element_type=\"widget\" data-e-type=\"widget\" data-widget_type=\"text-editor.default\">\n\t\t\t\t<div class=\"elementor-widget-container\">\n\t\t\t\t\t\t\t\t\t<p>Es en el a\u00f1o de 1900, que a iniciativa del Dr. Domingo Lorini, Etelberto Coello (creador del primer jard\u00edn bot\u00e1nico), Samuel Lorini (hijo), Jos\u00e9 Salm\u00f3n Ballivi\u00e1n y muchos otros profesionales, comienza la verdadera organizaci\u00f3n de la Escuela de Farmacia, donde se establece el Primer Plan de Estudios Oficiales, que conten\u00eda materias como Qu\u00edmica Inorg\u00e1nica, Zoolog\u00eda y Pr\u00e1ctica Oficinal, Qu\u00edmica Anal\u00edtica Cualitativa, Materia M\u00e9dica, Farmacolog\u00eda y Qu\u00edmica Anal\u00edtica Cuantitativa.<\/p>\t\t\t\t\t\t\t\t<\/div>\n\t\t\t\t<\/div>\n\t\t\t\t<div class=\"elementor-element elementor-element-0491ec9 elementor-widget elementor-widget-text-editor\" data-id=\"0491ec9\" data-element_type=\"widget\" data-e-type=\"widget\" data-widget_type=\"text-editor.default\">\n\t\t\t\t<div class=\"elementor-widget-container\">\n\t\t\t\t\t\t\t\t\t<p>Cabe mencionar que de 1888 a 1905 la Facultad se encontraba ubicada en la calle Yanacocha No. 647, hoy en d\u00eda Colegio Nacional Ayacucho, situado junto a la Iglesia de Santo Domingo (Antigua Catedral de La Paz), donde naci\u00f3 y funcion\u00f3 la UMSA.<\/p>\t\t\t\t\t\t\t\t<\/div>\n\t\t\t\t<\/div>\n\t\t\t\t\t<\/div>\n\t\t<\/div>\n\t\t\t\t\t<\/div>\n\t\t<\/section>\n\t\t\t\t<section class=\"elementor-section elementor-top-section elementor-element elementor-element-4486be4 elementor-section-boxed elementor-section-height-default elementor-section-height-default\" data-id=\"4486be4\" data-element_type=\"section\" data-e-type=\"section\">\n\t\t\t\t\t\t<div class=\"elementor-container elementor-column-gap-default\">\n\t\t\t\t\t<div class=\"elementor-column elementor-col-50 elementor-top-column elementor-element elementor-element-b18689b\" data-id=\"b18689b\" data-element_type=\"column\" data-e-type=\"column\">\n\t\t\t<div class=\"elementor-widget-wrap elementor-element-populated\">\n\t\t\t\t\t\t<div class=\"elementor-element elementor-element-e711dd0 elementor-widget elementor-widget-text-editor\" data-id=\"e711dd0\" data-element_type=\"widget\" data-e-type=\"widget\" data-widget_type=\"text-editor.default\">\n\t\t\t\t<div class=\"elementor-widget-container\">\n\t\t\t\t\t\t\t\t\t<p>En el a\u00f1o de 1910 se crea el Reglamento General de Ex\u00e1menes, el cual dispon\u00eda que para obtener el t\u00edtulo de Farmac\u00e9utico, los alumnos deb\u00edan rendir dos ex\u00e1menes profesionales y presentar tesis, dicha reglamentaci\u00f3n se mantiene hasta 1940 cuando se introducen nuevas materias como Qu\u00edmica Biol\u00f3gica, Toxicolog\u00eda, Bacteriolog\u00eda, Parasitolog\u00eda y otras.<\/p><p>Para ese entonces es decir entre 1905 y 1912, la Facultad se halla situada en la calle Indaburo No. 495, otrora propiedad de la familia Sanjin\u00e9s, luego Vacaflor, simult\u00e1neamente aloj\u00f3 la Escuela de Medicina que conserva su arquitectura original.<\/p><p>Para los a\u00f1os 1929 al 1931, luego de haber recorrido otras ubicaciones como la calle Campero No. 51, Plaza Venezuela esquina Loayza s\/n, calle Indaburo No. 985 esquina Yanacocha, Avenida 16 de julio No. 1664, la Facultad se ubica en la calle Jenaro Sanjin\u00e9s No. 615, edificio del Estado que alberg\u00f3 a las Facultades de Medicina,<\/p><p>Farmacia y Odontolog\u00eda, conserva su arquitectura original, actualmente funciona en ella, la Escuela Juana Azurduy de Padilla y la Casa Social del Maestro.<\/p>\t\t\t\t\t\t\t\t<\/div>\n\t\t\t\t<\/div>\n\t\t\t\t\t<\/div>\n\t\t<\/div>\n\t\t\t\t<div class=\"elementor-column elementor-col-50 elementor-top-column elementor-element elementor-element-85b8eae\" data-id=\"85b8eae\" data-element_type=\"column\" data-e-type=\"column\">\n\t\t\t<div class=\"elementor-widget-wrap elementor-element-populated\">\n\t\t\t\t\t\t<div class=\"elementor-element elementor-element-995aa86 elementor-widget elementor-widget-image\" data-id=\"995aa86\" data-element_type=\"widget\" data-e-type=\"widget\" data-widget_type=\"image.default\">\n\t\t\t\t<div class=\"elementor-widget-container\">\n\t\t\t\t\t\t\t\t\t\t\t\t\t\t\t<img fetchpriority=\"high\" decoding=\"async\" width=\"1024\" height=\"768\" src=\"https:\/\/farbio.edu.bo\/bioqui\/wp-content\/uploads\/2025\/06\/DSCN4390_6_11zon-1024x768.jpg\" class=\"attachment-large size-large wp-image-284\" alt=\"\" srcset=\"https:\/\/farbio.edu.bo\/bioqui\/wp-content\/uploads\/2025\/06\/DSCN4390_6_11zon-1024x768.jpg 1024w, https:\/\/farbio.edu.bo\/bioqui\/wp-content\/uploads\/2025\/06\/DSCN4390_6_11zon-300x225.jpg 300w, https:\/\/farbio.edu.bo\/bioqui\/wp-content\/uploads\/2025\/06\/DSCN4390_6_11zon-768x576.jpg 768w, https:\/\/farbio.edu.bo\/bioqui\/wp-content\/uploads\/2025\/06\/DSCN4390_6_11zon-1536x1152.jpg 1536w, https:\/\/farbio.edu.bo\/bioqui\/wp-content\/uploads\/2025\/06\/DSCN4390_6_11zon-2048x1536.jpg 2048w\" sizes=\"(max-width: 1024px) 100vw, 1024px\" \/>\t\t\t\t\t\t\t\t\t\t\t\t\t\t\t<\/div>\n\t\t\t\t<\/div>\n\t\t\t\t\t<\/div>\n\t\t<\/div>\n\t\t\t\t\t<\/div>\n\t\t<\/section>\n\t\t\t\t<section class=\"elementor-section elementor-top-section elementor-element elementor-element-81d152a elementor-section-boxed elementor-section-height-default elementor-section-height-default\" data-id=\"81d152a\" data-element_type=\"section\" data-e-type=\"section\">\n\t\t\t\t\t\t<div class=\"elementor-container elementor-column-gap-default\">\n\t\t\t\t\t<div class=\"elementor-column elementor-col-50 elementor-top-column elementor-element elementor-element-a500ca3\" data-id=\"a500ca3\" data-element_type=\"column\" data-e-type=\"column\">\n\t\t\t<div class=\"elementor-widget-wrap elementor-element-populated\">\n\t\t\t\t\t\t<div class=\"elementor-element elementor-element-0567f25 elementor-widget elementor-widget-image\" data-id=\"0567f25\" data-element_type=\"widget\" data-e-type=\"widget\" data-widget_type=\"image.default\">\n\t\t\t\t<div class=\"elementor-widget-container\">\n\t\t\t\t\t\t\t\t\t\t\t\t\t\t\t<img decoding=\"async\" width=\"1024\" height=\"768\" src=\"https:\/\/farbio.edu.bo\/bioqui\/wp-content\/uploads\/2025\/06\/DSCN4384_5_11zon-1024x768.jpg\" class=\"attachment-large size-large wp-image-286\" alt=\"\" srcset=\"https:\/\/farbio.edu.bo\/bioqui\/wp-content\/uploads\/2025\/06\/DSCN4384_5_11zon-1024x768.jpg 1024w, https:\/\/farbio.edu.bo\/bioqui\/wp-content\/uploads\/2025\/06\/DSCN4384_5_11zon-300x225.jpg 300w, https:\/\/farbio.edu.bo\/bioqui\/wp-content\/uploads\/2025\/06\/DSCN4384_5_11zon-768x576.jpg 768w, https:\/\/farbio.edu.bo\/bioqui\/wp-content\/uploads\/2025\/06\/DSCN4384_5_11zon-1536x1152.jpg 1536w, https:\/\/farbio.edu.bo\/bioqui\/wp-content\/uploads\/2025\/06\/DSCN4384_5_11zon-2048x1536.jpg 2048w\" sizes=\"(max-width: 1024px) 100vw, 1024px\" \/>\t\t\t\t\t\t\t\t\t\t\t\t\t\t\t<\/div>\n\t\t\t\t<\/div>\n\t\t\t\t\t<\/div>\n\t\t<\/div>\n\t\t\t\t<div class=\"elementor-column elementor-col-50 elementor-top-column elementor-element elementor-element-c88823d\" data-id=\"c88823d\" data-element_type=\"column\" data-e-type=\"column\">\n\t\t\t<div class=\"elementor-widget-wrap elementor-element-populated\">\n\t\t\t\t\t\t<div class=\"elementor-element elementor-element-76c4ecc elementor-widget elementor-widget-text-editor\" data-id=\"76c4ecc\" data-element_type=\"widget\" data-e-type=\"widget\" data-widget_type=\"text-editor.default\">\n\t\t\t\t<div class=\"elementor-widget-container\">\n\t\t\t\t\t\t\t\t\t<p>En el a\u00f1o 1932, los alumnos concurrieron a la Campa\u00f1a del Chaco y la Facultad entr\u00f3 en receso hasta 1935, pero no deja de prestar de manera palpable su servicio a la causa b\u00e9lica, ya que sus especialistas constituyeron un pilar importante en la producci\u00f3n de sustancias qu\u00edmicas con la finalidad de defender la soberan\u00eda; para esta \u00e9poca la Facultad se encontraba ubicada en la calle Jenaro Sanjin\u00e9s No. 618, funcionando en este mismo edificio, el Rectorado, la Secretar\u00eda General y otras reparticiones y facultades de la UMSA, en la actualidad se halla ocupado por el Liceo de Se\u00f1oritas Venezuela.<\/p><p>Terminada la campa\u00f1a, se reiniciaron las labores universitarias, con muchas reformas en los planes de estudio, separ\u00e1ndose las Escuelas de Medicina, Farmacia y Odontolog\u00eda.<\/p><p>Cuando el Honorable Consejo Universitario determina por Resoluci\u00f3n en el a\u00f1o 1954, que la Escuela de Farmacia pase a ser Facultad de Farmacia y Bioqu\u00edmica, las instalaciones se encontraban en la avenida Villaz\u00f3n, en el segundo piso del llamado \u00abEdificio Viejo\u00bb, frente a la puerta principal de entrada del hasta entonces colegio Militar de Ej\u00e9rcito.<\/p>\t\t\t\t\t\t\t\t<\/div>\n\t\t\t\t<\/div>\n\t\t\t\t\t<\/div>\n\t\t<\/div>\n\t\t\t\t\t<\/div>\n\t\t<\/section>\n\t\t\t\t<section class=\"elementor-section elementor-top-section elementor-element elementor-element-b314911 elementor-section-boxed elementor-section-height-default elementor-section-height-default\" data-id=\"b314911\" data-element_type=\"section\" data-e-type=\"section\">\n\t\t\t\t\t\t<div class=\"elementor-container elementor-column-gap-default\">\n\t\t\t\t\t<div class=\"elementor-column elementor-col-100 elementor-top-column elementor-element elementor-element-265c6d1\" data-id=\"265c6d1\" data-element_type=\"column\" data-e-type=\"column\">\n\t\t\t<div class=\"elementor-widget-wrap elementor-element-populated\">\n\t\t\t\t\t\t<div class=\"elementor-element elementor-element-dcf28a6 elementor-widget elementor-widget-text-editor\" data-id=\"dcf28a6\" data-element_type=\"widget\" data-e-type=\"widget\" data-widget_type=\"text-editor.default\">\n\t\t\t\t<div class=\"elementor-widget-container\">\n\t\t\t\t\t\t\t\t\t<p>Es en el mes de junio del a\u00f1o 1958 que se inaugura el edificio propio de nuestra Facultad, con el Dr. Luis Su\u00e1rez Veizaga como Decano y el Arq. Ernesto P\u00e9rez Rivero como Rector, mismo que se encuentra ubicado en la Avenida Saavedra No. 2224 en la zona de Miraflores frente al Hospital de Cl\u00ednicas. Este edificio fue construido por la Empresa Ascui y C\u00eda., sobre los proyectos de los arquitectos Luis Perrin Pando y Guillermo Wilde del Castillo.<\/p><p>Al cumplir cien a\u00f1os de infatigable labor (1889 &#8211; 1989), tanto de formaci\u00f3n de profesionales como de servicio a la comunidad, la Facultad de Ciencias Farmac\u00e9uticas y Bioqu\u00edmicas de la UMSA, por Resoluci\u00f3n Suprema No. 206148 de 10 de mayo del a\u00f1o 1989, recibi\u00f3 la condecoraci\u00f3n m\u00e1xima del <strong>CONDOR DE LOS ANDES, en el<\/strong> <strong>grado de \u00abGran Oficial\u00bb <\/strong>otorgada por el Supremo Gobierno de la Naci\u00f3n, bajo la Presidencia del Dr. Victor Paz Estensoro.<\/p><p>El 19 de octubre de 1989, por Ordenanza Municipal No. 73\/89 de la Honorable Alcald\u00eda Municipal, se confiere a nuestra Facultad el <strong>ESCUDO DE ARMAS DE LA CIUDAD DE<\/strong> <strong>NUESTRA SE\u00d1ORA DE LA PAZ<\/strong>, en el grado de <em>\u00abServicios Especiales\u00bb<\/em>.<\/p><p>La Facultad en sus inicios se denominaba Escuela de Farmacia, luego de 1954 a 1992 mantuvo el nombre de Facultad de Farmacia y Bioqu\u00edmica, cambiando su denominaci\u00f3n a Facultad de Ciencias Farmac\u00e9uticas y Bioqu\u00edmicas, con la que se mantiene hasta nuestros d\u00edas.<\/p><p>En la actualidad la Facultad est\u00e1 conformada por la Carrera de Qu\u00edmica Farmac\u00e9utica y la Carrera de Bioqu\u00edmica, mismas que fueron separadas en 1991 y se consolida el 9 de noviembre de 1992 con Resoluci\u00f3n de Asamblea Docente Estudiantil Delegada, (PEI 2014-2018).<\/p>\t\t\t\t\t\t\t\t<\/div>\n\t\t\t\t<\/div>\n\t\t\t\t\t<\/div>\n\t\t<\/div>\n\t\t\t\t\t<\/div>\n\t\t<\/section>\n\t\t\t\t<\/div>\n\t\t","protected":false},"excerpt":{"rendered":"<p>Historia Carrera de Bioqu\u00edmica La Facultad de Ciencias Farmac\u00e9uticas y Bioqu\u00edmicas de la UMSA, tiene desde 1888 a la fecha muchos a\u00f1os de tradici\u00f3n y servicio a la comunidad, habiendo aportado al pa\u00eds con valiosos profesionales; por eso se hace necesario conocer los inicios de la misma para realizar el valor que implic\u00f3 desde la [&hellip;]<\/p>\n","protected":false},"author":1,"featured_media":0,"parent":0,"menu_order":0,"comment_status":"closed","ping_status":"closed","template":"elementor_header_footer","meta":{"footnotes":""},"class_list":["post-14","page","type-page","status-publish","hentry","entry"],"_links":{"self":[{"href":"https:\/\/farbio.edu.bo\/bioqui\/index.php?rest_route=\/wp\/v2\/pages\/14","targetHints":{"allow":["GET"]}}],"collection":[{"href":"https:\/\/farbio.edu.bo\/bioqui\/index.php?rest_route=\/wp\/v2\/pages"}],"about":[{"href":"https:\/\/farbio.edu.bo\/bioqui\/index.php?rest_route=\/wp\/v2\/types\/page"}],"author":[{"embeddable":true,"href":"https:\/\/farbio.edu.bo\/bioqui\/index.php?rest_route=\/wp\/v2\/users\/1"}],"replies":[{"embeddable":true,"href":"https:\/\/farbio.edu.bo\/bioqui\/index.php?rest_route=%2Fwp%2Fv2%2Fcomments&post=14"}],"version-history":[{"count":29,"href":"https:\/\/farbio.edu.bo\/bioqui\/index.php?rest_route=\/wp\/v2\/pages\/14\/revisions"}],"predecessor-version":[{"id":297,"href":"https:\/\/farbio.edu.bo\/bioqui\/index.php?rest_route=\/wp\/v2\/pages\/14\/revisions\/297"}],"wp:attachment":[{"href":"https:\/\/farbio.edu.bo\/bioqui\/index.php?rest_route=%2Fwp%2Fv2%2Fmedia&parent=14"}],"curies":[{"name":"wp","href":"https:\/\/api.w.org\/{rel}","templated":true}]}}