{"id":16,"date":"2021-07-28T15:02:07","date_gmt":"2021-07-28T15:02:07","guid":{"rendered":"https:\/\/farbio.edu.bo\/csegc\/qfarmaceutica\/?page_id=16"},"modified":"2025-12-05T20:16:49","modified_gmt":"2025-12-05T20:16:49","slug":"perfil-profesional","status":"publish","type":"page","link":"https:\/\/farbio.edu.bo\/bioqui\/?page_id=16","title":{"rendered":"PERFIL PROFESIONAL"},"content":{"rendered":"\t\t<div data-elementor-type=\"wp-page\" data-elementor-id=\"16\" class=\"elementor elementor-16\" data-elementor-post-type=\"page\">\n\t\t\t\t\t\t<section class=\"elementor-section elementor-top-section elementor-element elementor-element-2b30fff7 elementor-section-content-middle elementor-section-boxed elementor-section-height-default elementor-section-height-default\" data-id=\"2b30fff7\" data-element_type=\"section\" data-e-type=\"section\" data-settings=\"{&quot;background_background&quot;:&quot;classic&quot;}\">\n\t\t\t\t\t\t\t<div class=\"elementor-background-overlay\"><\/div>\n\t\t\t\t\t\t\t<div class=\"elementor-container elementor-column-gap-no\">\n\t\t\t\t\t<div class=\"elementor-column elementor-col-100 elementor-top-column elementor-element elementor-element-607b4753\" data-id=\"607b4753\" data-element_type=\"column\" data-e-type=\"column\">\n\t\t\t<div class=\"elementor-widget-wrap elementor-element-populated\">\n\t\t\t\t\t\t<div class=\"elementor-element elementor-element-3c8e158d elementor-widget elementor-widget-heading\" data-id=\"3c8e158d\" data-element_type=\"widget\" data-e-type=\"widget\" data-widget_type=\"heading.default\">\n\t\t\t\t<div class=\"elementor-widget-container\">\n\t\t\t\t\t<h4 class=\"elementor-heading-title elementor-size-default\">Perfil Profesional<\/h4>\t\t\t\t<\/div>\n\t\t\t\t<\/div>\n\t\t\t\t<div class=\"elementor-element elementor-element-5ccbf316 elementor-widget elementor-widget-text-editor\" data-id=\"5ccbf316\" data-element_type=\"widget\" data-e-type=\"widget\" data-widget_type=\"text-editor.default\">\n\t\t\t\t<div class=\"elementor-widget-container\">\n\t\t\t\t\t\t\t\t\t<p>Profesional eminentemente cient\u00edfico comprometido con la sociedad, capaz de resolver problemas aportando soluciones innovadoras, con las herramientas conceptuales y t\u00e9cnicas para desempe\u00f1arse con idoneidad, \u00e9tica, calidad y responsabilidad en diferentes \u00e1mbitos de su competencia profesional<\/p>\t\t\t\t\t\t\t\t<\/div>\n\t\t\t\t<\/div>\n\t\t\t\t<div class=\"elementor-element elementor-element-7b0c3b5 elementor-widget elementor-widget-text-editor\" data-id=\"7b0c3b5\" data-element_type=\"widget\" data-e-type=\"widget\" data-widget_type=\"text-editor.default\">\n\t\t\t\t<div class=\"elementor-widget-container\">\n\t\t\t\t\t\t\t\t\t<ul><li>Realizaci\u00f3n e interpretaci\u00f3n de an\u00e1lisis: cl\u00ednicos, en bancos de sangre, microbiol\u00f3gicos, ambientales, alimentarios, veterinarios, toxicol\u00f3gicos, de qu\u00edmica legal y forense.<\/li><li>Desarrollo de productos biol\u00f3gicos y biom\u00e9dicos, alimentarios, de reactivos diagn\u00f3sticos, y otros.<\/li><li>Investigaci\u00f3n cl\u00ednica, b\u00e1sica o aplicada y docencia en las diferentes \u00e1reas de la disciplina bioqu\u00edmica.<\/li><\/ul>\t\t\t\t\t\t\t\t<\/div>\n\t\t\t\t<\/div>\n\t\t\t\t\t<\/div>\n\t\t<\/div>\n\t\t\t\t\t<\/div>\n\t\t<\/section>\n\t\t\t\t<section class=\"elementor-section elementor-top-section elementor-element elementor-element-4ad1c6c0 elementor-section-content-middle elementor-section-boxed elementor-section-height-default elementor-section-height-default\" data-id=\"4ad1c6c0\" data-element_type=\"section\" data-e-type=\"section\">\n\t\t\t\t\t\t<div class=\"elementor-container elementor-column-gap-no\">\n\t\t\t\t\t<div class=\"elementor-column elementor-col-50 elementor-top-column elementor-element elementor-element-2bb71a37\" data-id=\"2bb71a37\" data-element_type=\"column\" data-e-type=\"column\">\n\t\t\t<div class=\"elementor-widget-wrap elementor-element-populated\">\n\t\t\t\t\t\t<div class=\"elementor-element elementor-element-3e405368 elementor-widget elementor-widget-heading\" data-id=\"3e405368\" data-element_type=\"widget\" data-e-type=\"widget\" data-widget_type=\"heading.default\">\n\t\t\t\t<div class=\"elementor-widget-container\">\n\t\t\t\t\t<h4 class=\"elementor-heading-title elementor-size-default\">RECURSOS PARA LA FORMACI\u00d3N\nPROFESIONAL<\/h4>\t\t\t\t<\/div>\n\t\t\t\t<\/div>\n\t\t\t\t<div class=\"elementor-element elementor-element-ee130d3 elementor-widget elementor-widget-image\" data-id=\"ee130d3\" data-element_type=\"widget\" data-e-type=\"widget\" data-widget_type=\"image.default\">\n\t\t\t\t<div class=\"elementor-widget-container\">\n\t\t\t\t\t\t\t\t\t\t\t\t\t\t\t<img fetchpriority=\"high\" decoding=\"async\" width=\"1024\" height=\"768\" src=\"https:\/\/farbio.edu.bo\/bioqui\/wp-content\/uploads\/2025\/06\/DSCN4384_5_11zon-1024x768.jpg\" class=\"attachment-large size-large wp-image-286\" alt=\"\" srcset=\"https:\/\/farbio.edu.bo\/bioqui\/wp-content\/uploads\/2025\/06\/DSCN4384_5_11zon-1024x768.jpg 1024w, https:\/\/farbio.edu.bo\/bioqui\/wp-content\/uploads\/2025\/06\/DSCN4384_5_11zon-300x225.jpg 300w, https:\/\/farbio.edu.bo\/bioqui\/wp-content\/uploads\/2025\/06\/DSCN4384_5_11zon-768x576.jpg 768w, https:\/\/farbio.edu.bo\/bioqui\/wp-content\/uploads\/2025\/06\/DSCN4384_5_11zon-1536x1152.jpg 1536w, https:\/\/farbio.edu.bo\/bioqui\/wp-content\/uploads\/2025\/06\/DSCN4384_5_11zon-2048x1536.jpg 2048w\" sizes=\"(max-width: 1024px) 100vw, 1024px\" \/>\t\t\t\t\t\t\t\t\t\t\t\t\t\t\t<\/div>\n\t\t\t\t<\/div>\n\t\t\t\t\t<\/div>\n\t\t<\/div>\n\t\t\t\t<div class=\"elementor-column elementor-col-50 elementor-top-column elementor-element elementor-element-28ed2920\" data-id=\"28ed2920\" data-element_type=\"column\" data-e-type=\"column\" data-settings=\"{&quot;background_background&quot;:&quot;classic&quot;}\">\n\t\t\t<div class=\"elementor-widget-wrap elementor-element-populated\">\n\t\t\t\t\t\t<div class=\"elementor-element elementor-element-2a807b2 elementor-widget elementor-widget-text-editor\" data-id=\"2a807b2\" data-element_type=\"widget\" data-e-type=\"widget\" data-widget_type=\"text-editor.default\">\n\t\t\t\t<div class=\"elementor-widget-container\">\n\t\t\t\t\t\t\t\t\t<ul><li><span style=\"color: #143c69;\">Instituto de Laboratorios de Diagn\u00f3stico e Investigaci\u00f3n en Salud (SELADIS) Instituto de Investigaciones F\u00e1rmaco<\/span><\/li><\/ul>\t\t\t\t\t\t\t\t<\/div>\n\t\t\t\t<\/div>\n\t\t\t\t<div class=\"elementor-element elementor-element-87b3f0e elementor-widget elementor-widget-text-editor\" data-id=\"87b3f0e\" data-element_type=\"widget\" data-e-type=\"widget\" data-widget_type=\"text-editor.default\">\n\t\t\t\t<div class=\"elementor-widget-container\">\n\t\t\t\t\t\t\t\t\t<ul><li><span style=\"color: #143c69;\">Instituto de Investigaciones F\u00e1rmaco Bioqu\u00edmicas (IIFB)<\/span><\/li><\/ul>\t\t\t\t\t\t\t\t<\/div>\n\t\t\t\t<\/div>\n\t\t\t\t<div class=\"elementor-element elementor-element-e6ce497 elementor-widget elementor-widget-text-editor\" data-id=\"e6ce497\" data-element_type=\"widget\" data-e-type=\"widget\" data-widget_type=\"text-editor.default\">\n\t\t\t\t<div class=\"elementor-widget-container\">\n\t\t\t\t\t\t\t\t\t<ul><li><span style=\"color: #143c69;\">Laboratorio de pr\u00e1cticas preprofesionales<\/span><\/li><\/ul>\t\t\t\t\t\t\t\t<\/div>\n\t\t\t\t<\/div>\n\t\t\t\t<div class=\"elementor-element elementor-element-3fffbd4 elementor-widget elementor-widget-text-editor\" data-id=\"3fffbd4\" data-element_type=\"widget\" data-e-type=\"widget\" data-widget_type=\"text-editor.default\">\n\t\t\t\t<div class=\"elementor-widget-container\">\n\t\t\t\t\t\t\t\t\t<ul><li><span style=\"color: #143c69;\">Bioterio facultativo<\/span><\/li><\/ul>\t\t\t\t\t\t\t\t<\/div>\n\t\t\t\t<\/div>\n\t\t\t\t\t<\/div>\n\t\t<\/div>\n\t\t\t\t\t<\/div>\n\t\t<\/section>\n\t\t\t\t<\/div>\n\t\t","protected":false},"excerpt":{"rendered":"<p>Perfil Profesional Profesional eminentemente cient\u00edfico comprometido con la sociedad, capaz de resolver problemas aportando soluciones innovadoras, con las herramientas conceptuales y t\u00e9cnicas para desempe\u00f1arse con idoneidad, \u00e9tica, calidad y responsabilidad en diferentes \u00e1mbitos de su competencia profesional Realizaci\u00f3n e interpretaci\u00f3n de an\u00e1lisis: cl\u00ednicos, en bancos de sangre, microbiol\u00f3gicos, ambientales, alimentarios, veterinarios, toxicol\u00f3gicos, de qu\u00edmica legal [&hellip;]<\/p>\n","protected":false},"author":1,"featured_media":0,"parent":0,"menu_order":0,"comment_status":"closed","ping_status":"closed","template":"","meta":{"footnotes":""},"class_list":["post-16","page","type-page","status-publish","hentry","entry"],"_links":{"self":[{"href":"https:\/\/farbio.edu.bo\/bioqui\/index.php?rest_route=\/wp\/v2\/pages\/16","targetHints":{"allow":["GET"]}}],"collection":[{"href":"https:\/\/farbio.edu.bo\/bioqui\/index.php?rest_route=\/wp\/v2\/pages"}],"about":[{"href":"https:\/\/farbio.edu.bo\/bioqui\/index.php?rest_route=\/wp\/v2\/types\/page"}],"author":[{"embeddable":true,"href":"https:\/\/farbio.edu.bo\/bioqui\/index.php?rest_route=\/wp\/v2\/users\/1"}],"replies":[{"embeddable":true,"href":"https:\/\/farbio.edu.bo\/bioqui\/index.php?rest_route=%2Fwp%2Fv2%2Fcomments&post=16"}],"version-history":[{"count":25,"href":"https:\/\/farbio.edu.bo\/bioqui\/index.php?rest_route=\/wp\/v2\/pages\/16\/revisions"}],"predecessor-version":[{"id":410,"href":"https:\/\/farbio.edu.bo\/bioqui\/index.php?rest_route=\/wp\/v2\/pages\/16\/revisions\/410"}],"wp:attachment":[{"href":"https:\/\/farbio.edu.bo\/bioqui\/index.php?rest_route=%2Fwp%2Fv2%2Fmedia&parent=16"}],"curies":[{"name":"wp","href":"https:\/\/api.w.org\/{rel}","templated":true}]}}