{"id":320,"date":"2025-07-02T21:59:52","date_gmt":"2025-07-02T21:59:52","guid":{"rendered":"https:\/\/farbio.edu.bo\/bioqui\/?page_id=320"},"modified":"2025-12-05T20:15:05","modified_gmt":"2025-12-05T20:15:05","slug":"objetivo","status":"publish","type":"page","link":"https:\/\/farbio.edu.bo\/bioqui\/?page_id=320","title":{"rendered":"OBJETIVO"},"content":{"rendered":"\t\t<div data-elementor-type=\"wp-page\" data-elementor-id=\"320\" class=\"elementor elementor-320\" data-elementor-post-type=\"page\">\n\t\t\t\t\t\t<section class=\"elementor-section elementor-top-section elementor-element elementor-element-19ade76d elementor-section-content-middle elementor-section-boxed elementor-section-height-default elementor-section-height-default\" data-id=\"19ade76d\" data-element_type=\"section\" data-e-type=\"section\" data-settings=\"{&quot;background_background&quot;:&quot;classic&quot;}\">\n\t\t\t\t\t\t\t<div class=\"elementor-background-overlay\"><\/div>\n\t\t\t\t\t\t\t<div class=\"elementor-container elementor-column-gap-no\">\n\t\t\t\t\t<div class=\"elementor-column elementor-col-50 elementor-top-column elementor-element elementor-element-e120870\" data-id=\"e120870\" data-element_type=\"column\" data-e-type=\"column\">\n\t\t\t<div class=\"elementor-widget-wrap elementor-element-populated\">\n\t\t\t\t\t\t<div class=\"elementor-element elementor-element-3096d561 elementor-widget elementor-widget-heading\" data-id=\"3096d561\" data-element_type=\"widget\" data-e-type=\"widget\" data-widget_type=\"heading.default\">\n\t\t\t\t<div class=\"elementor-widget-container\">\n\t\t\t\t\t<h3 class=\"elementor-heading-title elementor-size-default\">Objetivo<br>General<\/h3>\t\t\t\t<\/div>\n\t\t\t\t<\/div>\n\t\t\t\t<div class=\"elementor-element elementor-element-589a7fa0 e-grid-align-left elementor-shape-rounded elementor-grid-0 elementor-widget elementor-widget-social-icons\" data-id=\"589a7fa0\" data-element_type=\"widget\" data-e-type=\"widget\" data-widget_type=\"social-icons.default\">\n\t\t\t\t<div class=\"elementor-widget-container\">\n\t\t\t\t\t\t\t<div class=\"elementor-social-icons-wrapper elementor-grid\" role=\"list\">\n\t\t\t\t\t\t\t<span class=\"elementor-grid-item\" role=\"listitem\">\n\t\t\t\t\t<a class=\"elementor-icon elementor-social-icon elementor-social-icon-facebook-f elementor-animation-grow elementor-repeater-item-1fba67d\" target=\"_blank\">\n\t\t\t\t\t\t<span class=\"elementor-screen-only\">Facebook-f<\/span>\n\t\t\t\t\t\t<i aria-hidden=\"true\" class=\"fab fa-facebook-f\"><\/i>\t\t\t\t\t<\/a>\n\t\t\t\t<\/span>\n\t\t\t\t\t\t\t<span class=\"elementor-grid-item\" role=\"listitem\">\n\t\t\t\t\t<a class=\"elementor-icon elementor-social-icon elementor-social-icon-twitter elementor-animation-grow elementor-repeater-item-57ad147\" target=\"_blank\">\n\t\t\t\t\t\t<span class=\"elementor-screen-only\">Twitter<\/span>\n\t\t\t\t\t\t<i aria-hidden=\"true\" class=\"fab fa-twitter\"><\/i>\t\t\t\t\t<\/a>\n\t\t\t\t<\/span>\n\t\t\t\t\t\t\t<span class=\"elementor-grid-item\" role=\"listitem\">\n\t\t\t\t\t<a class=\"elementor-icon elementor-social-icon elementor-social-icon-google-plus-g elementor-animation-grow elementor-repeater-item-8bb09ee\" target=\"_blank\">\n\t\t\t\t\t\t<span class=\"elementor-screen-only\">Google-plus-g<\/span>\n\t\t\t\t\t\t<i aria-hidden=\"true\" class=\"fab fa-google-plus-g\"><\/i>\t\t\t\t\t<\/a>\n\t\t\t\t<\/span>\n\t\t\t\t\t<\/div>\n\t\t\t\t\t\t<\/div>\n\t\t\t\t<\/div>\n\t\t\t\t\t<\/div>\n\t\t<\/div>\n\t\t\t\t<div class=\"elementor-column elementor-col-50 elementor-top-column elementor-element elementor-element-336d725e\" data-id=\"336d725e\" data-element_type=\"column\" data-e-type=\"column\">\n\t\t\t<div class=\"elementor-widget-wrap elementor-element-populated\">\n\t\t\t\t\t\t<div class=\"elementor-element elementor-element-51082bc5 elementor-widget-divider--view-line elementor-widget elementor-widget-divider\" data-id=\"51082bc5\" data-element_type=\"widget\" data-e-type=\"widget\" data-widget_type=\"divider.default\">\n\t\t\t\t<div class=\"elementor-widget-container\">\n\t\t\t\t\t\t\t<div class=\"elementor-divider\">\n\t\t\t<span class=\"elementor-divider-separator\">\n\t\t\t\t\t\t<\/span>\n\t\t<\/div>\n\t\t\t\t\t\t<\/div>\n\t\t\t\t<\/div>\n\t\t\t\t<section class=\"elementor-section elementor-inner-section elementor-element elementor-element-6f289336 elementor-section-content-middle elementor-reverse-mobile elementor-section-boxed elementor-section-height-default elementor-section-height-default\" data-id=\"6f289336\" data-element_type=\"section\" data-e-type=\"section\">\n\t\t\t\t\t\t<div class=\"elementor-container elementor-column-gap-default\">\n\t\t\t\t\t<div class=\"elementor-column elementor-col-50 elementor-inner-column elementor-element elementor-element-447abb2e\" data-id=\"447abb2e\" data-element_type=\"column\" data-e-type=\"column\">\n\t\t\t<div class=\"elementor-widget-wrap elementor-element-populated\">\n\t\t\t\t\t\t<div class=\"elementor-element elementor-element-4ba55ad6 elementor-widget elementor-widget-text-editor\" data-id=\"4ba55ad6\" data-element_type=\"widget\" data-e-type=\"widget\" data-widget_type=\"text-editor.default\">\n\t\t\t\t<div class=\"elementor-widget-container\">\n\t\t\t\t\t\t\t\t\t<p>Formar un profesional bioqu\u00edmico con conocimientos, habilidades y destrezas, conciencia cr\u00edtica y mentalidad creativa, con alto grado de eficiencia y responsabilidad, para coadyuvar en la resoluci\u00f3n de problemas de salud, medio ambiente, bioqu\u00edmica forense, toxicolog\u00eda cl\u00ednica, biotecnolog\u00eda y otras relacionadas con su campo profesional, y as\u00ed responder a las necesidades de la poblaci\u00f3n boliviana<\/p>\t\t\t\t\t\t\t\t<\/div>\n\t\t\t\t<\/div>\n\t\t\t\t\t<\/div>\n\t\t<\/div>\n\t\t\t\t<div class=\"elementor-column elementor-col-50 elementor-inner-column elementor-element elementor-element-425a07a8\" data-id=\"425a07a8\" data-element_type=\"column\" data-e-type=\"column\">\n\t\t\t<div class=\"elementor-widget-wrap elementor-element-populated\">\n\t\t\t\t\t\t<div class=\"elementor-element elementor-element-556e2199 elementor-widget elementor-widget-heading\" data-id=\"556e2199\" data-element_type=\"widget\" data-e-type=\"widget\" data-widget_type=\"heading.default\">\n\t\t\t\t<div class=\"elementor-widget-container\">\n\t\t\t\t\t<h4 class=\"elementor-heading-title elementor-size-default\">137<\/h4>\t\t\t\t<\/div>\n\t\t\t\t<\/div>\n\t\t\t\t<div class=\"elementor-element elementor-element-200f9e03 elementor-widget elementor-widget-text-editor\" data-id=\"200f9e03\" data-element_type=\"widget\" data-e-type=\"widget\" data-widget_type=\"text-editor.default\">\n\t\t\t\t<div class=\"elementor-widget-container\">\n\t\t\t\t\t\t\t\t\t<p>de Servicio<\/p>\t\t\t\t\t\t\t\t<\/div>\n\t\t\t\t<\/div>\n\t\t\t\t\t<\/div>\n\t\t<\/div>\n\t\t\t\t\t<\/div>\n\t\t<\/section>\n\t\t\t\t\t<\/div>\n\t\t<\/div>\n\t\t\t\t\t<\/div>\n\t\t<\/section>\n\t\t\t\t<section class=\"elementor-section elementor-top-section elementor-element elementor-element-3d8e3f43 elementor-section-content-middle elementor-section-boxed elementor-section-height-default elementor-section-height-default\" data-id=\"3d8e3f43\" data-element_type=\"section\" data-e-type=\"section\">\n\t\t\t\t\t\t<div class=\"elementor-container elementor-column-gap-no\">\n\t\t\t\t\t<div class=\"elementor-column elementor-col-33 elementor-top-column elementor-element elementor-element-398ba9b7\" data-id=\"398ba9b7\" data-element_type=\"column\" data-e-type=\"column\">\n\t\t\t<div class=\"elementor-widget-wrap elementor-element-populated\">\n\t\t\t\t\t\t<div class=\"elementor-element elementor-element-497cde2d elementor-widget elementor-widget-text-editor\" data-id=\"497cde2d\" data-element_type=\"widget\" data-e-type=\"widget\" data-widget_type=\"text-editor.default\">\n\t\t\t\t<div class=\"elementor-widget-container\">\n\t\t\t\t\t\t\t\t\t<p>CARRERA DE BIOQU\u00cdMICA<\/p>\t\t\t\t\t\t\t\t<\/div>\n\t\t\t\t<\/div>\n\t\t\t\t<div class=\"elementor-element elementor-element-6bbab7a5 elementor-widget elementor-widget-heading\" data-id=\"6bbab7a5\" data-element_type=\"widget\" data-e-type=\"widget\" data-widget_type=\"heading.default\">\n\t\t\t\t<div class=\"elementor-widget-container\">\n\t\t\t\t\t<h3 class=\"elementor-heading-title elementor-size-default\">Opciones Laborales<\/h3>\t\t\t\t<\/div>\n\t\t\t\t<\/div>\n\t\t\t\t<div class=\"elementor-element elementor-element-b1bbd33 elementor-widget elementor-widget-text-editor\" data-id=\"b1bbd33\" data-element_type=\"widget\" data-e-type=\"widget\" data-widget_type=\"text-editor.default\">\n\t\t\t\t<div class=\"elementor-widget-container\">\n\t\t\t\t\t\t\t\t\t<p><strong>Salud:<\/strong> Hospitales, cl\u00ednicas afines: Laboratorio cl\u00ednico, Hematolog\u00eda, Microbiolog\u00eda, Bioqu\u00edmica forense, Citolog\u00eda, Inmunolog\u00eda, endocrinolog\u00eda, Biolog\u00eda molecular.<\/p>\t\t\t\t\t\t\t\t<\/div>\n\t\t\t\t<\/div>\n\t\t\t\t<div class=\"elementor-element elementor-element-3742d1e3 elementor-widget elementor-widget-image\" data-id=\"3742d1e3\" data-element_type=\"widget\" data-e-type=\"widget\" data-widget_type=\"image.default\">\n\t\t\t\t<div class=\"elementor-widget-container\">\n\t\t\t\t\t\t\t\t\t\t\t\t\t\t\t<img fetchpriority=\"high\" decoding=\"async\" width=\"792\" height=\"445\" src=\"https:\/\/farbio.edu.bo\/bioqui\/wp-content\/uploads\/2025\/12\/1_Mesa-de-trabajo-1_Mesa-de-trabajo-1.png\" class=\"elementor-animation-grow attachment-large size-large wp-image-400\" alt=\"\" srcset=\"https:\/\/farbio.edu.bo\/bioqui\/wp-content\/uploads\/2025\/12\/1_Mesa-de-trabajo-1_Mesa-de-trabajo-1.png 792w, https:\/\/farbio.edu.bo\/bioqui\/wp-content\/uploads\/2025\/12\/1_Mesa-de-trabajo-1_Mesa-de-trabajo-1-300x169.png 300w, https:\/\/farbio.edu.bo\/bioqui\/wp-content\/uploads\/2025\/12\/1_Mesa-de-trabajo-1_Mesa-de-trabajo-1-768x432.png 768w\" sizes=\"(max-width: 792px) 100vw, 792px\" \/>\t\t\t\t\t\t\t\t\t\t\t\t\t\t\t<\/div>\n\t\t\t\t<\/div>\n\t\t\t\t\t<\/div>\n\t\t<\/div>\n\t\t\t\t<div class=\"elementor-column elementor-col-33 elementor-top-column elementor-element elementor-element-1557028e\" data-id=\"1557028e\" data-element_type=\"column\" data-e-type=\"column\">\n\t\t\t<div class=\"elementor-widget-wrap elementor-element-populated\">\n\t\t\t\t\t\t<div class=\"elementor-element elementor-element-4b6ad368 elementor-widget elementor-widget-image\" data-id=\"4b6ad368\" data-element_type=\"widget\" data-e-type=\"widget\" data-widget_type=\"image.default\">\n\t\t\t\t<div class=\"elementor-widget-container\">\n\t\t\t\t\t\t\t\t\t\t\t\t\t\t\t<img decoding=\"async\" width=\"1024\" height=\"576\" src=\"https:\/\/farbio.edu.bo\/bioqui\/wp-content\/uploads\/2021\/09\/tuto-1.mp4.00_00_01_47.Imagen-fija001-1024x576.jpg\" class=\"elementor-animation-grow attachment-large size-large wp-image-209\" alt=\"\" srcset=\"https:\/\/farbio.edu.bo\/bioqui\/wp-content\/uploads\/2021\/09\/tuto-1.mp4.00_00_01_47.Imagen-fija001-1024x576.jpg 1024w, https:\/\/farbio.edu.bo\/bioqui\/wp-content\/uploads\/2021\/09\/tuto-1.mp4.00_00_01_47.Imagen-fija001-300x169.jpg 300w, https:\/\/farbio.edu.bo\/bioqui\/wp-content\/uploads\/2021\/09\/tuto-1.mp4.00_00_01_47.Imagen-fija001-768x432.jpg 768w, https:\/\/farbio.edu.bo\/bioqui\/wp-content\/uploads\/2021\/09\/tuto-1.mp4.00_00_01_47.Imagen-fija001-1536x864.jpg 1536w, https:\/\/farbio.edu.bo\/bioqui\/wp-content\/uploads\/2021\/09\/tuto-1.mp4.00_00_01_47.Imagen-fija001.jpg 1920w\" sizes=\"(max-width: 1024px) 100vw, 1024px\" \/>\t\t\t\t\t\t\t\t\t\t\t\t\t\t\t<\/div>\n\t\t\t\t<\/div>\n\t\t\t\t<div class=\"elementor-element elementor-element-52bd0a40 elementor-widget elementor-widget-text-editor\" data-id=\"52bd0a40\" data-element_type=\"widget\" data-e-type=\"widget\" data-widget_type=\"text-editor.default\">\n\t\t\t\t<div class=\"elementor-widget-container\">\n\t\t\t\t\t\t\t\t\t<p><strong>Investigaci\u00f3n cient\u00edfica:<\/strong> Institutos, centros de investigaci\u00f3n: Investigaci\u00f3n experimental, investigaci\u00f3n b\u00e1sica y aplicada, proyectos de investigaci\u00f3n e interacci\u00f3n social.<\/p>\t\t\t\t\t\t\t\t<\/div>\n\t\t\t\t<\/div>\n\t\t\t\t\t<\/div>\n\t\t<\/div>\n\t\t\t\t<div class=\"elementor-column elementor-col-33 elementor-top-column elementor-element elementor-element-386004fc\" data-id=\"386004fc\" data-element_type=\"column\" data-e-type=\"column\">\n\t\t\t<div class=\"elementor-widget-wrap elementor-element-populated\">\n\t\t\t\t\t\t<div class=\"elementor-element elementor-element-d36b9e4 elementor-widget elementor-widget-text-editor\" data-id=\"d36b9e4\" data-element_type=\"widget\" data-e-type=\"widget\" data-widget_type=\"text-editor.default\">\n\t\t\t\t<div class=\"elementor-widget-container\">\n\t\t\t\t\t\t\t\t\t<p><strong>Ciencia, tecnolog\u00eda e industria:<\/strong> Biotecnolog\u00eda y control de calidad, Bromatolog\u00eda, Toxicolog\u00eda, Producci\u00f3n de reactivos qu\u00edmicos y biol\u00f3gicos, dise\u00f1o de procesos y otros.<\/p>\t\t\t\t\t\t\t\t<\/div>\n\t\t\t\t<\/div>\n\t\t\t\t<div class=\"elementor-element elementor-element-2a0de0af elementor-widget elementor-widget-image\" data-id=\"2a0de0af\" data-element_type=\"widget\" data-e-type=\"widget\" data-widget_type=\"image.default\">\n\t\t\t\t<div class=\"elementor-widget-container\">\n\t\t\t\t\t\t\t\t\t\t\t\t\t\t\t<img decoding=\"async\" width=\"2560\" height=\"1920\" src=\"https:\/\/farbio.edu.bo\/bioqui\/wp-content\/uploads\/2025\/06\/DSCN4390_6_11zon-scaled.jpg\" class=\"elementor-animation-grow attachment-full size-full wp-image-284\" alt=\"\" srcset=\"https:\/\/farbio.edu.bo\/bioqui\/wp-content\/uploads\/2025\/06\/DSCN4390_6_11zon-scaled.jpg 2560w, https:\/\/farbio.edu.bo\/bioqui\/wp-content\/uploads\/2025\/06\/DSCN4390_6_11zon-300x225.jpg 300w, https:\/\/farbio.edu.bo\/bioqui\/wp-content\/uploads\/2025\/06\/DSCN4390_6_11zon-1024x768.jpg 1024w, https:\/\/farbio.edu.bo\/bioqui\/wp-content\/uploads\/2025\/06\/DSCN4390_6_11zon-768x576.jpg 768w, https:\/\/farbio.edu.bo\/bioqui\/wp-content\/uploads\/2025\/06\/DSCN4390_6_11zon-1536x1152.jpg 1536w, https:\/\/farbio.edu.bo\/bioqui\/wp-content\/uploads\/2025\/06\/DSCN4390_6_11zon-2048x1536.jpg 2048w\" sizes=\"(max-width: 2560px) 100vw, 2560px\" \/>\t\t\t\t\t\t\t\t\t\t\t\t\t\t\t<\/div>\n\t\t\t\t<\/div>\n\t\t\t\t\t<\/div>\n\t\t<\/div>\n\t\t\t\t\t<\/div>\n\t\t<\/section>\n\t\t\t\t<\/div>\n\t\t","protected":false},"excerpt":{"rendered":"<p>ObjetivoGeneral Facebook-f Twitter Google-plus-g Formar un profesional bioqu\u00edmico con conocimientos, habilidades y destrezas, conciencia cr\u00edtica y mentalidad creativa, con alto grado de eficiencia y responsabilidad, para coadyuvar en la resoluci\u00f3n de problemas de salud, medio ambiente, bioqu\u00edmica forense, toxicolog\u00eda cl\u00ednica, biotecnolog\u00eda y otras relacionadas con su campo profesional, y as\u00ed responder a las necesidades de [&hellip;]<\/p>\n","protected":false},"author":1,"featured_media":0,"parent":0,"menu_order":0,"comment_status":"closed","ping_status":"closed","template":"","meta":{"footnotes":""},"class_list":["post-320","page","type-page","status-publish","hentry","entry"],"_links":{"self":[{"href":"https:\/\/farbio.edu.bo\/bioqui\/index.php?rest_route=\/wp\/v2\/pages\/320","targetHints":{"allow":["GET"]}}],"collection":[{"href":"https:\/\/farbio.edu.bo\/bioqui\/index.php?rest_route=\/wp\/v2\/pages"}],"about":[{"href":"https:\/\/farbio.edu.bo\/bioqui\/index.php?rest_route=\/wp\/v2\/types\/page"}],"author":[{"embeddable":true,"href":"https:\/\/farbio.edu.bo\/bioqui\/index.php?rest_route=\/wp\/v2\/users\/1"}],"replies":[{"embeddable":true,"href":"https:\/\/farbio.edu.bo\/bioqui\/index.php?rest_route=%2Fwp%2Fv2%2Fcomments&post=320"}],"version-history":[{"count":19,"href":"https:\/\/farbio.edu.bo\/bioqui\/index.php?rest_route=\/wp\/v2\/pages\/320\/revisions"}],"predecessor-version":[{"id":403,"href":"https:\/\/farbio.edu.bo\/bioqui\/index.php?rest_route=\/wp\/v2\/pages\/320\/revisions\/403"}],"wp:attachment":[{"href":"https:\/\/farbio.edu.bo\/bioqui\/index.php?rest_route=%2Fwp%2Fv2%2Fmedia&parent=320"}],"curies":[{"name":"wp","href":"https:\/\/api.w.org\/{rel}","templated":true}]}}